{"id":17,"date":"2018-12-22T16:42:09","date_gmt":"2018-12-22T15:42:09","guid":{"rendered":"http:\/\/muzenest.nl\/?page_id=17"},"modified":"2019-01-08T21:51:45","modified_gmt":"2019-01-08T20:51:45","slug":"wat-is-voetreflextherapie","status":"publish","type":"page","link":"https:\/\/muzenest.nl\/?page_id=17","title":{"rendered":"Voetreflextherapie"},"content":{"rendered":"\n<p>Voetreflexologie is gebaseerd op de visie dat lichaam, geest en ziel volmaakt met elkaar verbonden zijn en \u00e9\u00e9n geheel vormen. Door allerlei oorzaken (denk aan fysieke, psychische, sociale of emotionele) kan deze eenheid uit balans raken. Energiestromen in ons lichaam raken dan geblokkeerd en er ontstaan klachten en ziekte. Voetreflextherapie (VRT) kan helpen om de balans te herstellen. Door het geven van impulsen onder en op de voet wordt ons lichaam gestimuleerd om de verstoringen op te heffen zodat de energie onbelemmerd kan stromen en de balans zich kan herstellen. We voelen ons energieker en meer ontspannen. <\/p>\n\n\n\n<p>VRT is goed in te zetten bij o.a. pijnklachten, spanningsklachten, overgangsklachten, slaapproblemen, problemen met de spijsvertering, rugklachten, nekklachten, vermoeidheidsklachten. VRT kan ook een goede ondersteuning zijn wanneer u behandelingen met chemo en\/of bestralingen krijgt, juist omdat de VRT het lichaam stimuleert om afvalstoffen af te voeren en energiebanen \u2018open\u2019 te houden. Daarnaast kan een VRT-behandeling ook \u2018gewoon een heerlijke ontspanning\u2019 zijn of een regelmatige \u2018check-up\u2019 voor de balans. <\/p>\n\n\n\n<p>De opleiding tot voetreflextherapeut heb ik gevolgd bij de Bond van Europese Reflexologen (de BER). Ik sta daar als beroepslid geregistreerd. Dat betekent dat u bij uw zorgverzekeraar kunt navragen of die een (deel van een) behandeling vergoedt.\u00a0<br><\/p>\n\n\n\n<p><strong>NB:&nbsp;<\/strong><br>Ik stel als voetreflexoloog g\u00e9\u00e9n diagnoses, schrijf g\u00e9\u00e9n medicijnen voor en zal bij twijfel altijd verwijzen naar de (huis)arts.<br><\/p>\n\n\n\n<p><br><\/p>\n","protected":false},"excerpt":{"rendered":"<p>Voetreflexologie is gebaseerd op de visie dat lichaam, geest en ziel volmaakt met elkaar verbonden zijn en \u00e9\u00e9n geheel vormen. Door allerlei oorzaken (denk aan fysieke, psychische, sociale of emotionele) kan deze eenheid uit balans raken. Energiestromen in ons lichaam <span class=\"excerpt-dots\">&hellip;<\/span> <a class=\"more-link\" href=\"https:\/\/muzenest.nl\/?page_id=17\"><span class=\"more-msg\">Lees verder &rarr;<\/span><\/a><\/p>\n","protected":false},"author":2,"featured_media":0,"parent":0,"menu_order":0,"comment_status":"closed","ping_status":"closed","template":"","meta":{"footnotes":""},"class_list":["post-17","page","type-page","status-publish","hentry"],"_links":{"self":[{"href":"https:\/\/muzenest.nl\/index.php?rest_route=\/wp\/v2\/pages\/17","targetHints":{"allow":["GET"]}}],"collection":[{"href":"https:\/\/muzenest.nl\/index.php?rest_route=\/wp\/v2\/pages"}],"about":[{"href":"https:\/\/muzenest.nl\/index.php?rest_route=\/wp\/v2\/types\/page"}],"author":[{"embeddable":true,"href":"https:\/\/muzenest.nl\/index.php?rest_route=\/wp\/v2\/users\/2"}],"replies":[{"embeddable":true,"href":"https:\/\/muzenest.nl\/index.php?rest_route=%2Fwp%2Fv2%2Fcomments&post=17"}],"version-history":[{"count":9,"href":"https:\/\/muzenest.nl\/index.php?rest_route=\/wp\/v2\/pages\/17\/revisions"}],"predecessor-version":[{"id":198,"href":"https:\/\/muzenest.nl\/index.php?rest_route=\/wp\/v2\/pages\/17\/revisions\/198"}],"wp:attachment":[{"href":"https:\/\/muzenest.nl\/index.php?rest_route=%2Fwp%2Fv2%2Fmedia&parent=17"}],"curies":[{"name":"wp","href":"https:\/\/api.w.org\/{rel}","templated":true}]}}